{"id":4119,"date":"2016-05-10T09:28:47","date_gmt":"2016-05-10T08:28:47","guid":{"rendered":"http:\/\/p6690.phpnet.org\/kidigreen\/presse\/?lang=en"},"modified":"2016-05-13T12:04:19","modified_gmt":"2016-05-13T11:04:19","slug":"presse","status":"publish","type":"page","link":"https:\/\/www.kidigreen.fr\/en\/presse\/","title":{"rendered":"Press room"},"content":{"rendered":"<p>[vc_row][vc_column width=&#8221;1\/2&#8243;][vc_column_text]<\/p>\n<h3>Contact us<\/h3>\n<p>Do you wish to receive our press releases, ask for pictures or meet us?<\/p>\n<p>Please send us an email : <a href=\"mailto:contact@kidigreen.com\">contact@kidigreen.com<\/a><\/p>\n<h3><\/h3>\n<p>[\/vc_column_text][vc_single_image image=&#8221;3905&#8243; img_size=&#8221;medium&#8221;][\/vc_column][vc_column width=&#8221;1\/2&#8243;][lab_contact_form name_title=&#8221;Name&#8221; show_subject_field=&#8221;&#8221; submit_title=&#8221;Send&#8221; submit_success=&#8221;thanks !&#8221; alert_errors=&#8221;&#8221; email_receiver=&#8221;contact@kidigreen.fr&#8221;][\/vc_column][\/vc_row]<\/p>\n","protected":false},"excerpt":{"rendered":"<p>[vc_row][vc_column width=&#8221;1\/2&#8243;][vc_column_text] Contact us Do you wish to receive our press releases, ask for pictures or meet us? Please send us an email : contact@kidigreen.com [\/vc_column_text][vc_single_image image=&#8221;3905&#8243; img_size=&#8221;medium&#8221;][\/vc_column][vc_column width=&#8221;1\/2&#8243;][lab_contact_form name_title=&#8221;Name&#8221; show_subject_field=&#8221;&#8221; submit_title=&#8221;Send&#8221; submit_success=&#8221;thanks !&#8221; alert_errors=&#8221;&#8221; email_receiver=&#8221;contact@kidigreen.fr&#8221;][\/vc_column][\/vc_row]<\/p>\n","protected":false},"author":2,"featured_media":0,"parent":0,"menu_order":0,"comment_status":"closed","ping_status":"closed","template":"","meta":[],"acf":[],"yoast_head":"<!-- This site is optimized with the Yoast SEO plugin v19.6 - https:\/\/yoast.com\/wordpress\/plugins\/seo\/ -->\n<title>Press room - Kidigreen, chambre d&#039;enfants sur-mesure, linge de lit pour b\u00e9b\u00e9s, filles et gar\u00e7ons<\/title>\n<meta name=\"robots\" content=\"index, follow, max-snippet:-1, max-image-preview:large, max-video-preview:-1\" \/>\n<link rel=\"canonical\" href=\"https:\/\/www.kidigreen.fr\/en\/presse\/\" \/>\n<meta property=\"og:locale\" content=\"en_US\" \/>\n<meta property=\"og:type\" content=\"article\" \/>\n<meta property=\"og:title\" content=\"Press room - Kidigreen, chambre d&#039;enfants sur-mesure, linge de lit pour b\u00e9b\u00e9s, filles et gar\u00e7ons\" \/>\n<meta property=\"og:description\" content=\"[vc_row][vc_column width=&#8221;1\/2&#8243;][vc_column_text] Contact us Do you wish to receive our press releases, ask for pictures or meet us? Please send us an email : contact@kidigreen.com [\/vc_column_text][vc_single_image image=&#8221;3905&#8243; img_size=&#8221;medium&#8221;][\/vc_column][vc_column width=&#8221;1\/2&#8243;][lab_contact_form name_title=&#8221;Name&#8221; show_subject_field=&#8221;&#8221; submit_title=&#8221;Send&#8221; submit_success=&#8221;thanks !&#8221; alert_errors=&#8221;&#8221; email_receiver=&#8221;contact@kidigreen.fr&#8221;][\/vc_column][\/vc_row]\" \/>\n<meta property=\"og:url\" content=\"https:\/\/www.kidigreen.fr\/en\/presse\/\" \/>\n<meta property=\"og:site_name\" content=\"Kidigreen, chambre d&#039;enfants sur-mesure, linge de lit pour b\u00e9b\u00e9s, filles et gar\u00e7ons\" \/>\n<meta property=\"article:modified_time\" content=\"2016-05-13T11:04:19+00:00\" \/>\n<meta name=\"twitter:card\" content=\"summary\" \/>\n<script type=\"application\/ld+json\" class=\"yoast-schema-graph\">{\"@context\":\"https:\/\/schema.org\",\"@graph\":[{\"@type\":\"WebPage\",\"@id\":\"https:\/\/www.kidigreen.fr\/en\/presse\/\",\"url\":\"https:\/\/www.kidigreen.fr\/en\/presse\/\",\"name\":\"Press room - Kidigreen, chambre d&#039;enfants sur-mesure, linge de lit pour b\u00e9b\u00e9s, filles et gar\u00e7ons\",\"isPartOf\":{\"@id\":\"https:\/\/www.kidigreen.fr\/#website\"},\"datePublished\":\"2016-05-10T08:28:47+00:00\",\"dateModified\":\"2016-05-13T11:04:19+00:00\",\"breadcrumb\":{\"@id\":\"https:\/\/www.kidigreen.fr\/en\/presse\/#breadcrumb\"},\"inLanguage\":\"en-US\",\"potentialAction\":[{\"@type\":\"ReadAction\",\"target\":[\"https:\/\/www.kidigreen.fr\/en\/presse\/\"]}]},{\"@type\":\"BreadcrumbList\",\"@id\":\"https:\/\/www.kidigreen.fr\/en\/presse\/#breadcrumb\",\"itemListElement\":[{\"@type\":\"ListItem\",\"position\":1,\"name\":\"Accueil\",\"item\":\"https:\/\/www.kidigreen.fr\/en\/\"},{\"@type\":\"ListItem\",\"position\":2,\"name\":\"Press room\"}]},{\"@type\":\"WebSite\",\"@id\":\"https:\/\/www.kidigreen.fr\/#website\",\"url\":\"https:\/\/www.kidigreen.fr\/\",\"name\":\"Kidigreen, chambre d&#039;enfants sur-mesure, linge de lit pour b\u00e9b\u00e9s, filles et gar\u00e7ons\",\"description\":\"L&#039;architecte des enfants\",\"potentialAction\":[{\"@type\":\"SearchAction\",\"target\":{\"@type\":\"EntryPoint\",\"urlTemplate\":\"https:\/\/www.kidigreen.fr\/?s={search_term_string}\"},\"query-input\":\"required name=search_term_string\"}],\"inLanguage\":\"en-US\"}]}<\/script>\n<!-- \/ Yoast SEO plugin. -->","yoast_head_json":{"title":"Press room - Kidigreen, chambre d&#039;enfants sur-mesure, linge de lit pour b\u00e9b\u00e9s, filles et gar\u00e7ons","robots":{"index":"index","follow":"follow","max-snippet":"max-snippet:-1","max-image-preview":"max-image-preview:large","max-video-preview":"max-video-preview:-1"},"canonical":"https:\/\/www.kidigreen.fr\/en\/presse\/","og_locale":"en_US","og_type":"article","og_title":"Press room - Kidigreen, chambre d&#039;enfants sur-mesure, linge de lit pour b\u00e9b\u00e9s, filles et gar\u00e7ons","og_description":"[vc_row][vc_column width=&#8221;1\/2&#8243;][vc_column_text] Contact us Do you wish to receive our press releases, ask for pictures or meet us? Please send us an email : contact@kidigreen.com [\/vc_column_text][vc_single_image image=&#8221;3905&#8243; img_size=&#8221;medium&#8221;][\/vc_column][vc_column width=&#8221;1\/2&#8243;][lab_contact_form name_title=&#8221;Name&#8221; show_subject_field=&#8221;&#8221; submit_title=&#8221;Send&#8221; submit_success=&#8221;thanks !&#8221; alert_errors=&#8221;&#8221; email_receiver=&#8221;contact@kidigreen.fr&#8221;][\/vc_column][\/vc_row]","og_url":"https:\/\/www.kidigreen.fr\/en\/presse\/","og_site_name":"Kidigreen, chambre d&#039;enfants sur-mesure, linge de lit pour b\u00e9b\u00e9s, filles et gar\u00e7ons","article_modified_time":"2016-05-13T11:04:19+00:00","twitter_card":"summary","schema":{"@context":"https:\/\/schema.org","@graph":[{"@type":"WebPage","@id":"https:\/\/www.kidigreen.fr\/en\/presse\/","url":"https:\/\/www.kidigreen.fr\/en\/presse\/","name":"Press room - Kidigreen, chambre d&#039;enfants sur-mesure, linge de lit pour b\u00e9b\u00e9s, filles et gar\u00e7ons","isPartOf":{"@id":"https:\/\/www.kidigreen.fr\/#website"},"datePublished":"2016-05-10T08:28:47+00:00","dateModified":"2016-05-13T11:04:19+00:00","breadcrumb":{"@id":"https:\/\/www.kidigreen.fr\/en\/presse\/#breadcrumb"},"inLanguage":"en-US","potentialAction":[{"@type":"ReadAction","target":["https:\/\/www.kidigreen.fr\/en\/presse\/"]}]},{"@type":"BreadcrumbList","@id":"https:\/\/www.kidigreen.fr\/en\/presse\/#breadcrumb","itemListElement":[{"@type":"ListItem","position":1,"name":"Accueil","item":"https:\/\/www.kidigreen.fr\/en\/"},{"@type":"ListItem","position":2,"name":"Press room"}]},{"@type":"WebSite","@id":"https:\/\/www.kidigreen.fr\/#website","url":"https:\/\/www.kidigreen.fr\/","name":"Kidigreen, chambre d&#039;enfants sur-mesure, linge de lit pour b\u00e9b\u00e9s, filles et gar\u00e7ons","description":"L&#039;architecte des enfants","potentialAction":[{"@type":"SearchAction","target":{"@type":"EntryPoint","urlTemplate":"https:\/\/www.kidigreen.fr\/?s={search_term_string}"},"query-input":"required name=search_term_string"}],"inLanguage":"en-US"}]}},"_links":{"self":[{"href":"https:\/\/www.kidigreen.fr\/en\/wp-json\/wp\/v2\/pages\/4119"}],"collection":[{"href":"https:\/\/www.kidigreen.fr\/en\/wp-json\/wp\/v2\/pages"}],"about":[{"href":"https:\/\/www.kidigreen.fr\/en\/wp-json\/wp\/v2\/types\/page"}],"author":[{"embeddable":true,"href":"https:\/\/www.kidigreen.fr\/en\/wp-json\/wp\/v2\/users\/2"}],"replies":[{"embeddable":true,"href":"https:\/\/www.kidigreen.fr\/en\/wp-json\/wp\/v2\/comments?post=4119"}],"version-history":[{"count":2,"href":"https:\/\/www.kidigreen.fr\/en\/wp-json\/wp\/v2\/pages\/4119\/revisions"}],"predecessor-version":[{"id":4121,"href":"https:\/\/www.kidigreen.fr\/en\/wp-json\/wp\/v2\/pages\/4119\/revisions\/4121"}],"wp:attachment":[{"href":"https:\/\/www.kidigreen.fr\/en\/wp-json\/wp\/v2\/media?parent=4119"}],"curies":[{"name":"wp","href":"https:\/\/api.w.org\/{rel}","templated":true}]}}