{"id":4115,"date":"2016-05-13T12:00:25","date_gmt":"2016-05-13T11:00:25","guid":{"rendered":"http:\/\/p6690.phpnet.org\/kidigreen\/?page_id=4115&#038;lang=en"},"modified":"2016-05-13T12:00:25","modified_gmt":"2016-05-13T11:00:25","slug":"press-review","status":"publish","type":"page","link":"https:\/\/www.kidigreen.fr\/en\/press-review\/","title":{"rendered":"Press review"},"content":{"rendered":"<p>[vc_row][vc_column][vc_gallery type=&#8221;image_grid&#8221; images=&#8221;4009,4010,4011,4012,4013,4014,4015,4017,4018,4019,4020,4021,4022,4023,4024,4025,4026,4027,4028,4029,4030,4031,4032,4033,4034,4035,4036&#8243; img_size=&#8221;medium&#8221; onclick=&#8221;img_link_large&#8221; title=&#8221;Revue de presse&#8221; el_class=&#8221;H2&#8243;][\/vc_column][\/vc_row]<\/p>\n","protected":false},"excerpt":{"rendered":"<p>[vc_row][vc_column][vc_gallery type=&#8221;image_grid&#8221; images=&#8221;4009,4010,4011,4012,4013,4014,4015,4017,4018,4019,4020,4021,4022,4023,4024,4025,4026,4027,4028,4029,4030,4031,4032,4033,4034,4035,4036&#8243; img_size=&#8221;medium&#8221; onclick=&#8221;img_link_large&#8221; title=&#8221;Revue de presse&#8221; el_class=&#8221;H2&#8243;][\/vc_column][\/vc_row]<\/p>\n","protected":false},"author":2,"featured_media":0,"parent":0,"menu_order":0,"comment_status":"closed","ping_status":"closed","template":"","meta":[],"acf":[],"yoast_head":"<!-- This site is optimized with the Yoast SEO plugin v19.6 - https:\/\/yoast.com\/wordpress\/plugins\/seo\/ -->\n<title>Press review - Kidigreen, chambre d&#039;enfants sur-mesure, linge de lit pour b\u00e9b\u00e9s, filles et gar\u00e7ons<\/title>\n<meta name=\"robots\" content=\"index, follow, max-snippet:-1, max-image-preview:large, max-video-preview:-1\" \/>\n<link rel=\"canonical\" href=\"https:\/\/www.kidigreen.fr\/en\/press-review\/\" \/>\n<meta property=\"og:locale\" content=\"en_US\" \/>\n<meta property=\"og:type\" content=\"article\" \/>\n<meta property=\"og:title\" content=\"Press review - Kidigreen, chambre d&#039;enfants sur-mesure, linge de lit pour b\u00e9b\u00e9s, filles et gar\u00e7ons\" \/>\n<meta property=\"og:description\" content=\"[vc_row][vc_column][vc_gallery type=&#8221;image_grid&#8221; images=&#8221;4009,4010,4011,4012,4013,4014,4015,4017,4018,4019,4020,4021,4022,4023,4024,4025,4026,4027,4028,4029,4030,4031,4032,4033,4034,4035,4036&#8243; img_size=&#8221;medium&#8221; onclick=&#8221;img_link_large&#8221; title=&#8221;Revue de presse&#8221; el_class=&#8221;H2&#8243;][\/vc_column][\/vc_row]\" \/>\n<meta property=\"og:url\" content=\"https:\/\/www.kidigreen.fr\/en\/press-review\/\" \/>\n<meta property=\"og:site_name\" content=\"Kidigreen, chambre d&#039;enfants sur-mesure, linge de lit pour b\u00e9b\u00e9s, filles et gar\u00e7ons\" \/>\n<meta name=\"twitter:card\" content=\"summary\" \/>\n<script type=\"application\/ld+json\" class=\"yoast-schema-graph\">{\"@context\":\"https:\/\/schema.org\",\"@graph\":[{\"@type\":\"WebPage\",\"@id\":\"https:\/\/www.kidigreen.fr\/en\/press-review\/\",\"url\":\"https:\/\/www.kidigreen.fr\/en\/press-review\/\",\"name\":\"Press review - Kidigreen, chambre d&#039;enfants sur-mesure, linge de lit pour b\u00e9b\u00e9s, filles et gar\u00e7ons\",\"isPartOf\":{\"@id\":\"https:\/\/www.kidigreen.fr\/#website\"},\"datePublished\":\"2016-05-13T11:00:25+00:00\",\"dateModified\":\"2016-05-13T11:00:25+00:00\",\"breadcrumb\":{\"@id\":\"https:\/\/www.kidigreen.fr\/en\/press-review\/#breadcrumb\"},\"inLanguage\":\"en-US\",\"potentialAction\":[{\"@type\":\"ReadAction\",\"target\":[\"https:\/\/www.kidigreen.fr\/en\/press-review\/\"]}]},{\"@type\":\"BreadcrumbList\",\"@id\":\"https:\/\/www.kidigreen.fr\/en\/press-review\/#breadcrumb\",\"itemListElement\":[{\"@type\":\"ListItem\",\"position\":1,\"name\":\"Accueil\",\"item\":\"https:\/\/www.kidigreen.fr\/en\/\"},{\"@type\":\"ListItem\",\"position\":2,\"name\":\"Press review\"}]},{\"@type\":\"WebSite\",\"@id\":\"https:\/\/www.kidigreen.fr\/#website\",\"url\":\"https:\/\/www.kidigreen.fr\/\",\"name\":\"Kidigreen, chambre d&#039;enfants sur-mesure, linge de lit pour b\u00e9b\u00e9s, filles et gar\u00e7ons\",\"description\":\"L&#039;architecte des enfants\",\"potentialAction\":[{\"@type\":\"SearchAction\",\"target\":{\"@type\":\"EntryPoint\",\"urlTemplate\":\"https:\/\/www.kidigreen.fr\/?s={search_term_string}\"},\"query-input\":\"required name=search_term_string\"}],\"inLanguage\":\"en-US\"}]}<\/script>\n<!-- \/ Yoast SEO plugin. -->","yoast_head_json":{"title":"Press review - Kidigreen, chambre d&#039;enfants sur-mesure, linge de lit pour b\u00e9b\u00e9s, filles et gar\u00e7ons","robots":{"index":"index","follow":"follow","max-snippet":"max-snippet:-1","max-image-preview":"max-image-preview:large","max-video-preview":"max-video-preview:-1"},"canonical":"https:\/\/www.kidigreen.fr\/en\/press-review\/","og_locale":"en_US","og_type":"article","og_title":"Press review - Kidigreen, chambre d&#039;enfants sur-mesure, linge de lit pour b\u00e9b\u00e9s, filles et gar\u00e7ons","og_description":"[vc_row][vc_column][vc_gallery type=&#8221;image_grid&#8221; images=&#8221;4009,4010,4011,4012,4013,4014,4015,4017,4018,4019,4020,4021,4022,4023,4024,4025,4026,4027,4028,4029,4030,4031,4032,4033,4034,4035,4036&#8243; img_size=&#8221;medium&#8221; onclick=&#8221;img_link_large&#8221; title=&#8221;Revue de presse&#8221; el_class=&#8221;H2&#8243;][\/vc_column][\/vc_row]","og_url":"https:\/\/www.kidigreen.fr\/en\/press-review\/","og_site_name":"Kidigreen, chambre d&#039;enfants sur-mesure, linge de lit pour b\u00e9b\u00e9s, filles et gar\u00e7ons","twitter_card":"summary","schema":{"@context":"https:\/\/schema.org","@graph":[{"@type":"WebPage","@id":"https:\/\/www.kidigreen.fr\/en\/press-review\/","url":"https:\/\/www.kidigreen.fr\/en\/press-review\/","name":"Press review - Kidigreen, chambre d&#039;enfants sur-mesure, linge de lit pour b\u00e9b\u00e9s, filles et gar\u00e7ons","isPartOf":{"@id":"https:\/\/www.kidigreen.fr\/#website"},"datePublished":"2016-05-13T11:00:25+00:00","dateModified":"2016-05-13T11:00:25+00:00","breadcrumb":{"@id":"https:\/\/www.kidigreen.fr\/en\/press-review\/#breadcrumb"},"inLanguage":"en-US","potentialAction":[{"@type":"ReadAction","target":["https:\/\/www.kidigreen.fr\/en\/press-review\/"]}]},{"@type":"BreadcrumbList","@id":"https:\/\/www.kidigreen.fr\/en\/press-review\/#breadcrumb","itemListElement":[{"@type":"ListItem","position":1,"name":"Accueil","item":"https:\/\/www.kidigreen.fr\/en\/"},{"@type":"ListItem","position":2,"name":"Press review"}]},{"@type":"WebSite","@id":"https:\/\/www.kidigreen.fr\/#website","url":"https:\/\/www.kidigreen.fr\/","name":"Kidigreen, chambre d&#039;enfants sur-mesure, linge de lit pour b\u00e9b\u00e9s, filles et gar\u00e7ons","description":"L&#039;architecte des enfants","potentialAction":[{"@type":"SearchAction","target":{"@type":"EntryPoint","urlTemplate":"https:\/\/www.kidigreen.fr\/?s={search_term_string}"},"query-input":"required name=search_term_string"}],"inLanguage":"en-US"}]}},"_links":{"self":[{"href":"https:\/\/www.kidigreen.fr\/en\/wp-json\/wp\/v2\/pages\/4115"}],"collection":[{"href":"https:\/\/www.kidigreen.fr\/en\/wp-json\/wp\/v2\/pages"}],"about":[{"href":"https:\/\/www.kidigreen.fr\/en\/wp-json\/wp\/v2\/types\/page"}],"author":[{"embeddable":true,"href":"https:\/\/www.kidigreen.fr\/en\/wp-json\/wp\/v2\/users\/2"}],"replies":[{"embeddable":true,"href":"https:\/\/www.kidigreen.fr\/en\/wp-json\/wp\/v2\/comments?post=4115"}],"version-history":[{"count":1,"href":"https:\/\/www.kidigreen.fr\/en\/wp-json\/wp\/v2\/pages\/4115\/revisions"}],"predecessor-version":[{"id":4116,"href":"https:\/\/www.kidigreen.fr\/en\/wp-json\/wp\/v2\/pages\/4115\/revisions\/4116"}],"wp:attachment":[{"href":"https:\/\/www.kidigreen.fr\/en\/wp-json\/wp\/v2\/media?parent=4115"}],"curies":[{"name":"wp","href":"https:\/\/api.w.org\/{rel}","templated":true}]}}