{"id":4092,"date":"2015-03-19T00:35:05","date_gmt":"2015-03-19T00:35:05","guid":{"rendered":"http:\/\/p6690.phpnet.org\/kidigreen\/home\/?lang=en"},"modified":"2016-05-13T15:23:50","modified_gmt":"2016-05-13T14:23:50","slug":"home","status":"publish","type":"page","link":"https:\/\/www.kidigreen.fr\/en\/","title":{"rendered":"Kidigreen, the architect who love children"},"content":{"rendered":"<p>[vc_row][vc_column][layerslider_vc id=&#8221;1&#8243;][vc_column_text]<\/p>\n<h4 style=\"text-align: center;\"><span style=\"color: #ffffff;\">Kidigreen creates and builds beautiful children&#8217;s bedrooms that grow with the child,<br \/>\nas well as significantly improving indoor air quality for the child&#8217;s well-being and health.<\/span><\/h4>\n<p>[\/vc_column_text][\/vc_column][\/vc_row][vc_row][vc_column width=&#8221;1\/2&#8243;][vc_column_text]<\/p>\n<h3>Kidigreen <span style=\"color: #ffffff;\">optimize space<\/span><\/h3>\n<p>L&#8217;arriv\u00e9e d&#8217;un premier enfant repose in\u00e9vitablement la question de l&#8217;espace. O\u00f9 va-t-il dormir ? Comment lui am\u00e9nager une pi\u00e8ce \u00e0 lui o\u00f9 il se sentira bien ? Puis l&#8217;enfant grandit, un deuxi\u00e8me enfant arrive et la question se complique ! <strong>Doit-on d\u00e9m\u00e9nager ?<\/strong> Peut-on faire dormir un fr\u00e8re et une s\u0153ur dans une petite chambre ? Comment am\u00e9nager l&#8217;espace pour que l&#8217;enfant puisse jouer, lire, dormir et inviter ses copains ?<\/p>\n<p>Quelque soit votre lieu de vie, <strong>Kidigreen optimise chaque centim\u00e8tre cube<\/strong> pour cr\u00e9er des chambres adapt\u00e9es \u00e0 vos enfants. Enti\u00e8rement s\u00e9curis\u00e9es, con\u00e7ues pour <strong>stimuler l&#8217;imaginaire<\/strong>, elles aident \u00e0 bien grandir, en se sentant aim\u00e9 et prot\u00e9g\u00e9.<\/p>\n<p>\u00c9volutives, les chambres Kidigreen s\u00e9duisent les plus petits, mais aussi les ados et les parents ![\/vc_column_text][\/vc_column][vc_column width=&#8221;1\/2&#8243;][vc_single_image image=&#8221;4044&#8243; img_size=&#8221;large&#8221; onclick=&#8221;zoom&#8221; css_animation=&#8221;appear&#8221;][\/vc_column][\/vc_row][vc_row][vc_column width=&#8221;1\/2&#8243;][vc_single_image image=&#8221;3667&#8243; img_size=&#8221;large&#8221; onclick=&#8221;zoom&#8221; css_animation=&#8221;appear&#8221;][\/vc_column][vc_column width=&#8221;1\/2&#8243;][vc_column_text]<\/p>\n<h3>Kidigreen <span style=\"color: #ffffff;\">chase the toxins<\/span><\/h3>\n<p>In a child&#8217;s bedroom there are monsters hidden under the bed, witches in the wardrobe and dragons behind the door &#8230; But in a child&#8217;s bedroom there are also volatile organic compounds (VOCs) that can emanate from paint, varnish, chipboard or MDF furniture, fabrics, plastic toys and synthetic carpets. If VOCs are present when children go to bed, they can be detrimental to their health and cause allergies.<\/p>\n<p><strong>Kidigreen is committed to eliminating VOCs<\/strong> from floor to ceiling, to ensure your child grows up in the healthiest environment possible. After measuring the level of pollutants in the room through an independent laboratory, we make every effort to reduce the level to a minimum and offer advice on keeping VOCs at bay. We show no mercy for dust mites either, often a cause of asthma. <strong>However, for the monsters, we let you take care of those &#8230;<\/strong>[\/vc_column_text][\/vc_column][\/vc_row][vc_row][vc_column width=&#8221;1\/2&#8243;][vc_column_text]<\/p>\n<h3>Kidigreen<span style=\"color: #ffffff;\"> is green !<\/span><\/h3>\n<p>On a daily basis we strive to make the best choices, in line with protecting the planet for our children. <strong>We choose eco-responsible partners<\/strong>, we use recycled products where possible and we are conscious that every item has a carbon footprint that needs to be kept to a minimum. <strong>We are careful about recycling<\/strong> our waste and encourage you to give to <strong>charitable organisations<\/strong> when possible. We try to limit our CO2 emissions and propose fair trade objects when suitable&#8230;[\/vc_column_text][\/vc_column][vc_column width=&#8221;1\/2&#8243;][vc_single_image image=&#8221;3944&#8243; img_size=&#8221;large&#8221; onclick=&#8221;zoom&#8221; css_animation=&#8221;appear&#8221;][\/vc_column][\/vc_row][vc_row][vc_column width=&#8221;1\/2&#8243;][vc_single_image image=&#8221;4133&#8243; img_size=&#8221;large&#8221; onclick=&#8221;zoom&#8221; css_animation=&#8221;appear&#8221;][\/vc_column][vc_column width=&#8221;1\/2&#8243;][vc_column_text]<\/p>\n<h3>Kidigreen <span style=\"color: #ffffff;\">also design bed linen<\/span><\/h3>\n<p>A collection of children\u2019s bed linen, made from natural materials and available in a selection of stylish colours. Duvet covers, pillow cases, quilts, cot bumpers, and sleep-sacks are manufactured with the same care as the children\u2019s bedrooms.<br \/>\nThe products are made from Oe\u0308ko-Tex certified organic cotton, and pre-washed linen, and the designs are wonderfully imaginative.[\/vc_column_text][\/vc_column][\/vc_row][vc_row][vc_column]<div class=\"woocommerce columns-4 \"><div class=\"products-loop\"><ul class=\"products columns-4\">\n<li class=\"product catalog-layout-default columns-xs-1 type-product post-3921 status-publish first instock product_cat-linge-de-lit-bebe-en product_tag-cadeau-de-naissance-en product_tag-fleurs-en product_tag-tour-de-lit-en has-post-thumbnail featured taxable shipping-taxable purchasable product-type-simple\">\n\t        <div class=\"product-images\">\n\n\t\t\t<a href=\"https:\/\/www.kidigreen.fr\/boutique\/linge-de-lit-bebe-en\/tour-de-lit-modulable-dandelion\/\" class=\"woocommerce-LoopProduct-link woocommerce-loop-product__link\"><span class=\"image-placeholder\" style=\"padding-bottom:100.00000000%\"><img width=\"300\" height=\"300\" class=\"attachment-woocommerce_thumbnail size-woocommerce_thumbnail img-4172 lazyload\" loading=\"lazy\" alt=\"\" data-src=\"https:\/\/www.kidigreen.fr\/wp-content\/uploads\/2016\/05\/edredon-dandelion2-300x300.jpg\" data-srcset=\"https:\/\/www.kidigreen.fr\/wp-content\/uploads\/2016\/05\/edredon-dandelion2-300x300.jpg 300w, https:\/\/www.kidigreen.fr\/wp-content\/uploads\/2016\/05\/edredon-dandelion2-150x150.jpg 150w, https:\/\/www.kidigreen.fr\/wp-content\/uploads\/2016\/05\/edredon-dandelion2-468x468.jpg 468w, https:\/\/www.kidigreen.fr\/wp-content\/uploads\/2016\/05\/edredon-dandelion2-220x220.jpg 220w, https:\/\/www.kidigreen.fr\/wp-content\/uploads\/2016\/05\/edredon-dandelion2-600x600.jpg 600w, https:\/\/www.kidigreen.fr\/wp-content\/uploads\/2016\/05\/edredon-dandelion2-550x550.jpg 550w\" data-sizes=\"(max-width: 300px) 100vw, 300px\" \/><\/span><\/a><a href=\"https:\/\/www.kidigreen.fr\/boutique\/linge-de-lit-bebe-en\/tour-de-lit-modulable-dandelion\/\" class=\"woocommerce-LoopProduct-link woocommerce-loop-product__link gallery-image gallery-image--hoverable\"><span class=\"image-placeholder\" style=\"padding-bottom:100.00000000%\"><img width=\"300\" height=\"300\" class=\"attachment-woocommerce_thumbnail size-woocommerce_thumbnail img-4145 lazyload\" loading=\"lazy\" alt=\"\" data-src=\"https:\/\/www.kidigreen.fr\/wp-content\/uploads\/2016\/05\/tourdelit2-300x300.jpg\" data-srcset=\"https:\/\/www.kidigreen.fr\/wp-content\/uploads\/2016\/05\/tourdelit2-300x300.jpg 300w, https:\/\/www.kidigreen.fr\/wp-content\/uploads\/2016\/05\/tourdelit2-150x150.jpg 150w, https:\/\/www.kidigreen.fr\/wp-content\/uploads\/2016\/05\/tourdelit2-468x468.jpg 468w, https:\/\/www.kidigreen.fr\/wp-content\/uploads\/2016\/05\/tourdelit2-220x220.jpg 220w, https:\/\/www.kidigreen.fr\/wp-content\/uploads\/2016\/05\/tourdelit2-600x600.jpg 600w\" data-sizes=\"(max-width: 300px) 100vw, 300px\" \/><\/span><\/a>\n        <\/div>\n\t\t            <div class=\"item-info\">\n\n                <div class=\"item-info-row\">\n\n                    <div class=\"title-column\">\n                        <h3>\n                            <a href=\"https:\/\/www.kidigreen.fr\/boutique\/linge-de-lit-bebe-en\/tour-de-lit-modulable-dandelion\/\">Tour de lit modulable DANDELION<\/a>\n                        <\/h3>\n\n\t\t\t\t\t\t                            <div class=\"add-to-cart-and-product-categories\">\n\t\t\t\t\t\t\t\t<a href=\"?add-to-cart=3921\" data-quantity=\"1\" class=\"button product_type_simple add_to_cart_button ajax_add_to_cart product-type-simple\" data-product_id=\"3921\" data-product_sku=\"\" aria-label=\"Add &ldquo;Tour de lit modulable DANDELION&rdquo; to your cart\" rel=\"nofollow\" data-added_to_cart_text=\"Added to cart\">Add to cart<\/a>                            <\/div>\n\t\t\t\t\t\t\t                    <\/div>\n\n\t\t\t\t\t                        <div class=\"price-column\">\n\t\t\t\t\t\t\t\n\t<span class=\"price\"><span class=\"woocommerce-Price-amount amount\"><bdi>69,00<span class=\"woocommerce-Price-currencySymbol\">&euro;<\/span><\/bdi><\/span><\/span>\n                        <\/div>\n\t\t\t\t\t                <\/div>\n\n            <\/div>\n\n\n            <div class=\"added-to-cart-button\">\n                <a href=\"https:\/\/www.kidigreen.fr\/cart\/\"><i class=\"icon icon-ecommerce-bag-check\"><\/i><\/a>\n            <\/div>\n\t\t<\/li>\n<li class=\"product catalog-layout-default columns-xs-1 type-product post-3691 status-publish instock product_cat-single-bedding-sets has-post-thumbnail taxable shipping-taxable purchasable product-type-simple\">\n\t        <div class=\"product-images\">\n\n\t\t\t<a href=\"https:\/\/www.kidigreen.fr\/boutique\/single-bedding-sets\/parure-housse-de-couette-et-taie-star\/\" class=\"woocommerce-LoopProduct-link woocommerce-loop-product__link\"><span class=\"image-placeholder\" style=\"padding-bottom:100.00000000%\"><img width=\"300\" height=\"300\" class=\"attachment-woocommerce_thumbnail size-woocommerce_thumbnail img-4173 lazyload\" loading=\"lazy\" alt=\"\" data-src=\"https:\/\/www.kidigreen.fr\/wp-content\/uploads\/2016\/02\/star2-300x300.jpg\" data-srcset=\"https:\/\/www.kidigreen.fr\/wp-content\/uploads\/2016\/02\/star2-300x300.jpg 300w, https:\/\/www.kidigreen.fr\/wp-content\/uploads\/2016\/02\/star2-150x150.jpg 150w, https:\/\/www.kidigreen.fr\/wp-content\/uploads\/2016\/02\/star2-468x468.jpg 468w, https:\/\/www.kidigreen.fr\/wp-content\/uploads\/2016\/02\/star2-220x220.jpg 220w, https:\/\/www.kidigreen.fr\/wp-content\/uploads\/2016\/02\/star2-600x600.jpg 600w, https:\/\/www.kidigreen.fr\/wp-content\/uploads\/2016\/02\/star2-550x550.jpg 550w\" data-sizes=\"(max-width: 300px) 100vw, 300px\" \/><\/span><\/a><a href=\"https:\/\/www.kidigreen.fr\/boutique\/single-bedding-sets\/parure-housse-de-couette-et-taie-star\/\" class=\"woocommerce-LoopProduct-link woocommerce-loop-product__link gallery-image gallery-image--hoverable\"><span class=\"image-placeholder\" style=\"padding-bottom:100.00000000%\"><img width=\"300\" height=\"300\" class=\"attachment-woocommerce_thumbnail size-woocommerce_thumbnail img-4164 lazyload\" loading=\"lazy\" alt=\"\" data-src=\"https:\/\/www.kidigreen.fr\/wp-content\/uploads\/2016\/02\/S3-300x300.jpg\" data-srcset=\"https:\/\/www.kidigreen.fr\/wp-content\/uploads\/2016\/02\/S3-300x300.jpg 300w, https:\/\/www.kidigreen.fr\/wp-content\/uploads\/2016\/02\/S3-150x150.jpg 150w, https:\/\/www.kidigreen.fr\/wp-content\/uploads\/2016\/02\/S3-468x468.jpg 468w, https:\/\/www.kidigreen.fr\/wp-content\/uploads\/2016\/02\/S3-220x220.jpg 220w, https:\/\/www.kidigreen.fr\/wp-content\/uploads\/2016\/02\/S3-600x600.jpg 600w\" data-sizes=\"(max-width: 300px) 100vw, 300px\" \/><\/span><\/a>\n        <\/div>\n\t\t            <div class=\"item-info\">\n\n                <div class=\"item-info-row\">\n\n                    <div class=\"title-column\">\n                        <h3>\n                            <a href=\"https:\/\/www.kidigreen.fr\/boutique\/single-bedding-sets\/parure-housse-de-couette-et-taie-star\/\">PARURE HOUSSE DE COUETTE ET TAIE STAR<\/a>\n                        <\/h3>\n\n\t\t\t\t\t\t                            <div class=\"add-to-cart-and-product-categories\">\n\t\t\t\t\t\t\t\t<a href=\"?add-to-cart=3691\" data-quantity=\"1\" class=\"button product_type_simple add_to_cart_button ajax_add_to_cart product-type-simple\" data-product_id=\"3691\" data-product_sku=\"\" aria-label=\"Add &ldquo;PARURE HOUSSE DE COUETTE ET TAIE STAR&rdquo; to your cart\" rel=\"nofollow\" data-added_to_cart_text=\"Added to cart\">Add to cart<\/a>                            <\/div>\n\t\t\t\t\t\t\t                    <\/div>\n\n\t\t\t\t\t                        <div class=\"price-column\">\n\t\t\t\t\t\t\t\n\t<span class=\"price\"><span class=\"woocommerce-Price-amount amount\"><bdi>99,00<span class=\"woocommerce-Price-currencySymbol\">&euro;<\/span><\/bdi><\/span><\/span>\n                        <\/div>\n\t\t\t\t\t                <\/div>\n\n            <\/div>\n\n\n            <div class=\"added-to-cart-button\">\n                <a href=\"https:\/\/www.kidigreen.fr\/cart\/\"><i class=\"icon icon-ecommerce-bag-check\"><\/i><\/a>\n            <\/div>\n\t\t<\/li>\n<li class=\"product catalog-layout-default columns-xs-1 type-product post-3581 status-publish instock product_cat-linge-de-lit-bebe-en product_tag-coton-bio-en product_tag-etoile-en product_tag-eveil-en product_tag-poussette-en has-post-thumbnail taxable shipping-taxable purchasable product-type-simple\">\n\t        <div class=\"product-images\">\n\n\t\t\t<a href=\"https:\/\/www.kidigreen.fr\/boutique\/linge-de-lit-bebe-en\/edredon-tapis-deveil-baby-star\/\" class=\"woocommerce-LoopProduct-link woocommerce-loop-product__link\"><span class=\"image-placeholder\" style=\"padding-bottom:100.00000000%\"><img width=\"300\" height=\"300\" class=\"attachment-woocommerce_thumbnail size-woocommerce_thumbnail img-4174 lazyload\" loading=\"lazy\" alt=\"\" data-src=\"https:\/\/www.kidigreen.fr\/wp-content\/uploads\/2016\/01\/edredonBS2-300x300.jpg\" data-srcset=\"https:\/\/www.kidigreen.fr\/wp-content\/uploads\/2016\/01\/edredonBS2-300x300.jpg 300w, https:\/\/www.kidigreen.fr\/wp-content\/uploads\/2016\/01\/edredonBS2-150x150.jpg 150w, https:\/\/www.kidigreen.fr\/wp-content\/uploads\/2016\/01\/edredonBS2-468x468.jpg 468w, https:\/\/www.kidigreen.fr\/wp-content\/uploads\/2016\/01\/edredonBS2-220x220.jpg 220w, https:\/\/www.kidigreen.fr\/wp-content\/uploads\/2016\/01\/edredonBS2-600x600.jpg 600w, https:\/\/www.kidigreen.fr\/wp-content\/uploads\/2016\/01\/edredonBS2-550x550.jpg 550w\" data-sizes=\"(max-width: 300px) 100vw, 300px\" \/><\/span><\/a><a href=\"https:\/\/www.kidigreen.fr\/boutique\/linge-de-lit-bebe-en\/edredon-tapis-deveil-baby-star\/\" class=\"woocommerce-LoopProduct-link woocommerce-loop-product__link gallery-image gallery-image--hoverable\"><span class=\"image-placeholder\" style=\"padding-bottom:100.00000000%\"><img width=\"300\" height=\"300\" class=\"attachment-woocommerce_thumbnail size-woocommerce_thumbnail img-4147 lazyload\" loading=\"lazy\" alt=\"\" data-src=\"https:\/\/www.kidigreen.fr\/wp-content\/uploads\/2016\/05\/babystar-300x300.jpg\" data-srcset=\"https:\/\/www.kidigreen.fr\/wp-content\/uploads\/2016\/05\/babystar-300x300.jpg 300w, https:\/\/www.kidigreen.fr\/wp-content\/uploads\/2016\/05\/babystar-150x150.jpg 150w, https:\/\/www.kidigreen.fr\/wp-content\/uploads\/2016\/05\/babystar-468x468.jpg 468w, https:\/\/www.kidigreen.fr\/wp-content\/uploads\/2016\/05\/babystar-220x220.jpg 220w, https:\/\/www.kidigreen.fr\/wp-content\/uploads\/2016\/05\/babystar-600x600.jpg 600w\" data-sizes=\"(max-width: 300px) 100vw, 300px\" \/><\/span><\/a>\n        <\/div>\n\t\t            <div class=\"item-info\">\n\n                <div class=\"item-info-row\">\n\n                    <div class=\"title-column\">\n                        <h3>\n                            <a href=\"https:\/\/www.kidigreen.fr\/boutique\/linge-de-lit-bebe-en\/edredon-tapis-deveil-baby-star\/\">EDREDON TAPIS D&#8217;\u00c9VEIL BABY STAR<\/a>\n                        <\/h3>\n\n\t\t\t\t\t\t                            <div class=\"add-to-cart-and-product-categories\">\n\t\t\t\t\t\t\t\t<a href=\"?add-to-cart=3581\" data-quantity=\"1\" class=\"button product_type_simple add_to_cart_button ajax_add_to_cart product-type-simple\" data-product_id=\"3581\" data-product_sku=\"Baby Star quilt\" aria-label=\"Add &ldquo;EDREDON TAPIS D&#039;\u00c9VEIL BABY STAR&rdquo; to your cart\" rel=\"nofollow\" data-added_to_cart_text=\"Added to cart\">Add to cart<\/a>                            <\/div>\n\t\t\t\t\t\t\t                    <\/div>\n\n\t\t\t\t\t                        <div class=\"price-column\">\n\t\t\t\t\t\t\t\n\t<span class=\"price\"><span class=\"woocommerce-Price-amount amount\"><bdi>69,00<span class=\"woocommerce-Price-currencySymbol\">&euro;<\/span><\/bdi><\/span><\/span>\n                        <\/div>\n\t\t\t\t\t                <\/div>\n\n            <\/div>\n\n\n            <div class=\"added-to-cart-button\">\n                <a href=\"https:\/\/www.kidigreen.fr\/cart\/\"><i class=\"icon icon-ecommerce-bag-check\"><\/i><\/a>\n            <\/div>\n\t\t<\/li>\n<\/ul>\n<\/div><\/div>[\/vc_column][\/vc_row][vc_row][vc_column][vc_column_text]<\/p>\n<h3>Kidigreen <span style=\"color: #ffffff;\">share tips!<\/span><\/h3>\n<p>[\/vc_column_text][\/vc_column][\/vc_row][vc_row][vc_column width=&#8221;1\/3&#8243;][vc_column_text]Tous les mois, Kidigreen vous donne ses bons plans pour am\u00e9nager la chambre des enfants et leur offrir un univers magique o\u00f9 bien grandir !<\/p>\n<p>Au programme : des adresses shopping, des id\u00e9es d&#8217;activit\u00e9s, des tutos DIY, des id\u00e9es de bricolage et m\u00eame des recettes \u00e0 faire ensemble.<\/p>\n<p>Inscrivez-vous \u00e0 la Lettre de Kidigreen et suivez-nous sur notre page Facebook ![\/vc_column_text][\/vc_column][vc_column width=&#8221;1\/3&#8243;][vc_column_text]<strong>I suscribe to the newsletter<br \/>\n<\/strong>[\/vc_column_text][vc_column_text]<div class=\"widget_wysija_cont shortcode_wysija\"><div id=\"msg-form-wysija-shortcode69f205a5aa72d-1\" class=\"wysija-msg ajax\"><\/div><form id=\"form-wysija-shortcode69f205a5aa72d-1\" method=\"post\" action=\"#wysija\" class=\"widget_wysija shortcode_wysija\">\n<p class=\"wysija-paragraph\">\n    <label>E-mail <span class=\"wysija-required\">*<\/span><\/label>\n    \n    \t<input type=\"text\" name=\"wysija[user][email]\" class=\"wysija-input validate[required,custom[email]]\" title=\"E-mail\"  value=\"\" \/>\n    \n    \n    \n    <span class=\"abs-req\">\n        <input type=\"text\" name=\"wysija[user][abs][email]\" class=\"wysija-input validated[abs][email]\" value=\"\" \/>\n    <\/span>\n    \n<\/p>\n\n<input class=\"wysija-submit wysija-submit-field\" type=\"submit\" value=\"Je m'abonne !\" \/>\n\n    <input type=\"hidden\" name=\"form_id\" value=\"1\" \/>\n    <input type=\"hidden\" name=\"action\" value=\"save\" \/>\n    <input type=\"hidden\" name=\"controller\" value=\"subscribers\" \/>\n    <input type=\"hidden\" value=\"1\" name=\"wysija-page\" \/>\n\n    \n        <input type=\"hidden\" name=\"wysija[user_list][list_ids]\" value=\"1\" \/>\n    \n <\/form><\/div>[\/vc_column_text][\/vc_column][vc_column width=&#8221;1\/3&#8243;][vc_column_text]<strong>I like on facebook :<br \/>\n<\/strong>[\/vc_column_text][vc_facebook][\/vc_column][\/vc_row]<\/p>\n","protected":false},"excerpt":{"rendered":"<p>[vc_row][vc_column][layerslider_vc id=&#8221;1&#8243;][vc_column_text] Kidigreen creates and builds beautiful children&#8217;s bedrooms that grow with the child, as well as significantly improving indoor air quality for the child&#8217;s well-being and health. [\/vc_column_text][\/vc_column][\/vc_row][vc_row][vc_column width=&#8221;1\/2&#8243;][vc_column_text] Kidigreen optimize space L&#8217;arriv\u00e9e d&#8217;un premier enfant repose in\u00e9vitablement la question de l&#8217;espace. O\u00f9 va-t-il dormir ? Comment lui am\u00e9nager une pi\u00e8ce \u00e0 lui o\u00f9&hellip;<\/p>\n","protected":false},"author":1,"featured_media":0,"parent":0,"menu_order":0,"comment_status":"open","ping_status":"open","template":"","meta":[],"acf":[],"yoast_head":"<!-- This site is optimized with the Yoast SEO plugin v19.6 - https:\/\/yoast.com\/wordpress\/plugins\/seo\/ -->\n<title>Kidigreen, the architect who love children - Kidigreen, chambre d&#039;enfants sur-mesure, linge de lit pour b\u00e9b\u00e9s, filles et gar\u00e7ons<\/title>\n<meta name=\"robots\" content=\"index, follow, max-snippet:-1, max-image-preview:large, max-video-preview:-1\" \/>\n<link rel=\"canonical\" href=\"https:\/\/www.kidigreen.fr\/en\/\" \/>\n<meta property=\"og:locale\" content=\"en_US\" \/>\n<meta property=\"og:type\" content=\"article\" \/>\n<meta property=\"og:title\" content=\"Kidigreen, the architect who love children - Kidigreen, chambre d&#039;enfants sur-mesure, linge de lit pour b\u00e9b\u00e9s, filles et gar\u00e7ons\" \/>\n<meta property=\"og:description\" content=\"[vc_row][vc_column][layerslider_vc id=&#8221;1&#8243;][vc_column_text] Kidigreen creates and builds beautiful children&#8217;s bedrooms that grow with the child, as well as significantly improving indoor air quality for the child&#8217;s well-being and health. [\/vc_column_text][\/vc_column][\/vc_row][vc_row][vc_column width=&#8221;1\/2&#8243;][vc_column_text] Kidigreen optimize space L&#8217;arriv\u00e9e d&#8217;un premier enfant repose in\u00e9vitablement la question de l&#8217;espace. O\u00f9 va-t-il dormir ? Comment lui am\u00e9nager une pi\u00e8ce \u00e0 lui o\u00f9&hellip;\" \/>\n<meta property=\"og:url\" content=\"https:\/\/www.kidigreen.fr\/en\/\" \/>\n<meta property=\"og:site_name\" content=\"Kidigreen, chambre d&#039;enfants sur-mesure, linge de lit pour b\u00e9b\u00e9s, filles et gar\u00e7ons\" \/>\n<meta property=\"article:modified_time\" content=\"2016-05-13T14:23:50+00:00\" \/>\n<meta name=\"twitter:card\" content=\"summary\" \/>\n<meta name=\"twitter:label1\" content=\"Est. reading time\" \/>\n\t<meta name=\"twitter:data1\" content=\"4 minutes\" \/>\n<script type=\"application\/ld+json\" class=\"yoast-schema-graph\">{\"@context\":\"https:\/\/schema.org\",\"@graph\":[{\"@type\":\"WebPage\",\"@id\":\"https:\/\/www.kidigreen.fr\/en\/\",\"url\":\"https:\/\/www.kidigreen.fr\/en\/\",\"name\":\"Kidigreen, the architect who love children - Kidigreen, chambre d&#039;enfants sur-mesure, linge de lit pour b\u00e9b\u00e9s, filles et gar\u00e7ons\",\"isPartOf\":{\"@id\":\"https:\/\/www.kidigreen.fr\/#website\"},\"datePublished\":\"2015-03-19T00:35:05+00:00\",\"dateModified\":\"2016-05-13T14:23:50+00:00\",\"breadcrumb\":{\"@id\":\"https:\/\/www.kidigreen.fr\/en\/#breadcrumb\"},\"inLanguage\":\"en-US\",\"potentialAction\":[{\"@type\":\"ReadAction\",\"target\":[\"https:\/\/www.kidigreen.fr\/en\/\"]}]},{\"@type\":\"BreadcrumbList\",\"@id\":\"https:\/\/www.kidigreen.fr\/en\/#breadcrumb\",\"itemListElement\":[{\"@type\":\"ListItem\",\"position\":1,\"name\":\"Accueil\",\"item\":\"https:\/\/www.kidigreen.fr\/en\/\"},{\"@type\":\"ListItem\",\"position\":2,\"name\":\"Kidigreen, the architect who love children\"}]},{\"@type\":\"WebSite\",\"@id\":\"https:\/\/www.kidigreen.fr\/#website\",\"url\":\"https:\/\/www.kidigreen.fr\/\",\"name\":\"Kidigreen, chambre d&#039;enfants sur-mesure, linge de lit pour b\u00e9b\u00e9s, filles et gar\u00e7ons\",\"description\":\"L&#039;architecte des enfants\",\"potentialAction\":[{\"@type\":\"SearchAction\",\"target\":{\"@type\":\"EntryPoint\",\"urlTemplate\":\"https:\/\/www.kidigreen.fr\/?s={search_term_string}\"},\"query-input\":\"required name=search_term_string\"}],\"inLanguage\":\"en-US\"}]}<\/script>\n<!-- \/ Yoast SEO plugin. -->","yoast_head_json":{"title":"Kidigreen, the architect who love children - Kidigreen, chambre d&#039;enfants sur-mesure, linge de lit pour b\u00e9b\u00e9s, filles et gar\u00e7ons","robots":{"index":"index","follow":"follow","max-snippet":"max-snippet:-1","max-image-preview":"max-image-preview:large","max-video-preview":"max-video-preview:-1"},"canonical":"https:\/\/www.kidigreen.fr\/en\/","og_locale":"en_US","og_type":"article","og_title":"Kidigreen, the architect who love children - Kidigreen, chambre d&#039;enfants sur-mesure, linge de lit pour b\u00e9b\u00e9s, filles et gar\u00e7ons","og_description":"[vc_row][vc_column][layerslider_vc id=&#8221;1&#8243;][vc_column_text] Kidigreen creates and builds beautiful children&#8217;s bedrooms that grow with the child, as well as significantly improving indoor air quality for the child&#8217;s well-being and health. [\/vc_column_text][\/vc_column][\/vc_row][vc_row][vc_column width=&#8221;1\/2&#8243;][vc_column_text] Kidigreen optimize space L&#8217;arriv\u00e9e d&#8217;un premier enfant repose in\u00e9vitablement la question de l&#8217;espace. O\u00f9 va-t-il dormir ? Comment lui am\u00e9nager une pi\u00e8ce \u00e0 lui o\u00f9&hellip;","og_url":"https:\/\/www.kidigreen.fr\/en\/","og_site_name":"Kidigreen, chambre d&#039;enfants sur-mesure, linge de lit pour b\u00e9b\u00e9s, filles et gar\u00e7ons","article_modified_time":"2016-05-13T14:23:50+00:00","twitter_card":"summary","twitter_misc":{"Est. reading time":"4 minutes"},"schema":{"@context":"https:\/\/schema.org","@graph":[{"@type":"WebPage","@id":"https:\/\/www.kidigreen.fr\/en\/","url":"https:\/\/www.kidigreen.fr\/en\/","name":"Kidigreen, the architect who love children - Kidigreen, chambre d&#039;enfants sur-mesure, linge de lit pour b\u00e9b\u00e9s, filles et gar\u00e7ons","isPartOf":{"@id":"https:\/\/www.kidigreen.fr\/#website"},"datePublished":"2015-03-19T00:35:05+00:00","dateModified":"2016-05-13T14:23:50+00:00","breadcrumb":{"@id":"https:\/\/www.kidigreen.fr\/en\/#breadcrumb"},"inLanguage":"en-US","potentialAction":[{"@type":"ReadAction","target":["https:\/\/www.kidigreen.fr\/en\/"]}]},{"@type":"BreadcrumbList","@id":"https:\/\/www.kidigreen.fr\/en\/#breadcrumb","itemListElement":[{"@type":"ListItem","position":1,"name":"Accueil","item":"https:\/\/www.kidigreen.fr\/en\/"},{"@type":"ListItem","position":2,"name":"Kidigreen, the architect who love children"}]},{"@type":"WebSite","@id":"https:\/\/www.kidigreen.fr\/#website","url":"https:\/\/www.kidigreen.fr\/","name":"Kidigreen, chambre d&#039;enfants sur-mesure, linge de lit pour b\u00e9b\u00e9s, filles et gar\u00e7ons","description":"L&#039;architecte des enfants","potentialAction":[{"@type":"SearchAction","target":{"@type":"EntryPoint","urlTemplate":"https:\/\/www.kidigreen.fr\/?s={search_term_string}"},"query-input":"required name=search_term_string"}],"inLanguage":"en-US"}]}},"_links":{"self":[{"href":"https:\/\/www.kidigreen.fr\/en\/wp-json\/wp\/v2\/pages\/4092"}],"collection":[{"href":"https:\/\/www.kidigreen.fr\/en\/wp-json\/wp\/v2\/pages"}],"about":[{"href":"https:\/\/www.kidigreen.fr\/en\/wp-json\/wp\/v2\/types\/page"}],"author":[{"embeddable":true,"href":"https:\/\/www.kidigreen.fr\/en\/wp-json\/wp\/v2\/users\/1"}],"replies":[{"embeddable":true,"href":"https:\/\/www.kidigreen.fr\/en\/wp-json\/wp\/v2\/comments?post=4092"}],"version-history":[{"count":7,"href":"https:\/\/www.kidigreen.fr\/en\/wp-json\/wp\/v2\/pages\/4092\/revisions"}],"predecessor-version":[{"id":4215,"href":"https:\/\/www.kidigreen.fr\/en\/wp-json\/wp\/v2\/pages\/4092\/revisions\/4215"}],"wp:attachment":[{"href":"https:\/\/www.kidigreen.fr\/en\/wp-json\/wp\/v2\/media?parent=4092"}],"curies":[{"name":"wp","href":"https:\/\/api.w.org\/{rel}","templated":true}]}}